{"id":1072,"date":"2024-03-12T14:31:18","date_gmt":"2024-03-12T14:31:18","guid":{"rendered":"https:\/\/bpf-suedost.de\/sdb\/?page_id=1072"},"modified":"2024-03-12T17:55:23","modified_gmt":"2024-03-12T16:55:23","slug":"das-buergerbudget","status":"publish","type":"page","link":"https:\/\/bpf-suedost.de\/sdb\/das-buergerbudget","title":{"rendered":"Das B\u00fcrgerbudget"},"content":{"rendered":"\n<h2 class=\"wp-block-heading\">Grundlagen des B\u00fcrgerbudgets<\/h2>\n\n\n\n<p>Das B\u00fcrgerbudget wurde durch den Beschluss <a href=\"https:\/\/sessionnet.krz.de\/chemnitz\/bi\/vo0050.asp?__kvonr=6976099\">B-254\/2021<\/a> des Stadtrates \u00fcber die &#8222;Richtlinie \u00fcber die F\u00f6rderung von B\u00fcrgerplattformen in Stadtgebieten ohne Ortschaftsr\u00e4te&#8220; eingerichtet.<br>Eine \u00dcbersicht \u00fcber die existierenden B\u00fcrgerplattformen und deren Grundlagen finden sich auf dem <a href=\"https:\/\/www.chemnitz.de\/chemnitz\/de\/rathaus\/buergerbeteiligung\/engagement-und-mitwirkung\/buergerplattformen\/index.html\">Internetauftritt der Stadt Chemnitz<\/a>.<\/p>\n\n\n\n<h2 class=\"wp-block-heading\">Antragstellung<\/h2>\n\n\n\n<p>Antr\u00e4ge f\u00fcr Zuwendungen aus dem B\u00fcrgerbudget m\u00fcssen schriftlich unter Verwendung des folgenden Formulars eingereicht werden:<br><\/p>\n\n\n\n<div data-wp-interactive=\"core\/file\" class=\"wp-block-file\"><object data-wp-bind--hidden=\"!state.hasPdfPreview\" hidden class=\"wp-block-file__embed\" data=\"https:\/\/bpf-suedost.de\/sdb\/wp-content\/uploads\/2024\/03\/Projektantragleerneu.pdf\" type=\"application\/pdf\" style=\"width:100%;height:600px\" aria-label=\"Einbettung von Projektantragleerneu.\"><\/object><a id=\"wp-block-file--media-830b20fa-691f-453a-a5b5-6b7da0c0fe6b\" href=\"https:\/\/bpf-suedost.de\/sdb\/wp-content\/uploads\/2024\/03\/Projektantragleerneu.pdf\">Projektantragleerneu<\/a><a href=\"https:\/\/bpf-suedost.de\/sdb\/wp-content\/uploads\/2024\/03\/Projektantragleerneu.pdf\" class=\"wp-block-file__button wp-element-button\" download aria-describedby=\"wp-block-file--media-830b20fa-691f-453a-a5b5-6b7da0c0fe6b\">Herunterladen<\/a><\/div>\n\n\n\n<p>Sie k\u00f6nnen das Formular online ausf\u00fcllen und dann herunterladen.<\/p>\n\n\n\n<p>Hinweise zum Ausf\u00fcllen: (folgen in K\u00fcrze)<\/p>\n","protected":false},"excerpt":{"rendered":"<p>Grundlagen des B\u00fcrgerbudgets Das B\u00fcrgerbudget wurde durch den Beschluss B-254\/2021 des Stadtrates \u00fcber die &#8222;Richtlinie \u00fcber die F\u00f6rderung von B\u00fcrgerplattformen in Stadtgebieten ohne Ortschaftsr\u00e4te&#8220; eingerichtet.Eine \u00dcbersicht \u00fcber die existierenden B\u00fcrgerplattformen&hellip; <br \/> <a class=\"button small blue\" href=\"https:\/\/bpf-suedost.de\/sdb\/das-buergerbudget\">Weiterlesen<\/a><\/p>\n","protected":false},"author":2,"featured_media":0,"parent":0,"menu_order":0,"comment_status":"closed","ping_status":"closed","template":"","meta":{"footnotes":""},"class_list":["post-1072","page","type-page","status-publish","hentry"],"_links":{"self":[{"href":"https:\/\/bpf-suedost.de\/sdb\/wp-json\/wp\/v2\/pages\/1072","targetHints":{"allow":["GET"]}}],"collection":[{"href":"https:\/\/bpf-suedost.de\/sdb\/wp-json\/wp\/v2\/pages"}],"about":[{"href":"https:\/\/bpf-suedost.de\/sdb\/wp-json\/wp\/v2\/types\/page"}],"author":[{"embeddable":true,"href":"https:\/\/bpf-suedost.de\/sdb\/wp-json\/wp\/v2\/users\/2"}],"replies":[{"embeddable":true,"href":"https:\/\/bpf-suedost.de\/sdb\/wp-json\/wp\/v2\/comments?post=1072"}],"version-history":[{"count":5,"href":"https:\/\/bpf-suedost.de\/sdb\/wp-json\/wp\/v2\/pages\/1072\/revisions"}],"predecessor-version":[{"id":1081,"href":"https:\/\/bpf-suedost.de\/sdb\/wp-json\/wp\/v2\/pages\/1072\/revisions\/1081"}],"wp:attachment":[{"href":"https:\/\/bpf-suedost.de\/sdb\/wp-json\/wp\/v2\/media?parent=1072"}],"curies":[{"name":"wp","href":"https:\/\/api.w.org\/{rel}","templated":true}]}}