{"id":147,"date":"2020-02-29T07:44:26","date_gmt":"2020-02-29T07:44:26","guid":{"rendered":"https:\/\/bpf-suedost.de\/sdb\/?page_id=147"},"modified":"2024-01-02T16:39:30","modified_gmt":"2024-01-02T16:39:30","slug":"erfenschlag","status":"publish","type":"page","link":"https:\/\/bpf-suedost.de\/sdb\/erfenschlag","title":{"rendered":"Erfenschlag"},"content":{"rendered":"\n<p class=\"has-huge-font-size\">Erfenschlag <img loading=\"lazy\" decoding=\"async\" width=\"60\" height=\"54\" class=\"wp-image-37\" style=\"width: 60px;\" src=\"https:\/\/bpf-suedost.de\/sdb\/wp-content\/uploads\/2020\/01\/Schmetterling.jpg\" alt=\"\" srcset=\"https:\/\/bpf-suedost.de\/sdb\/wp-content\/uploads\/2020\/01\/Schmetterling.jpg 307w, https:\/\/bpf-suedost.de\/sdb\/wp-content\/uploads\/2020\/01\/Schmetterling-300x270.jpg 300w\" sizes=\"auto, (max-width: 60px) 100vw, 60px\" \/><\/p>\n\n\n\n<p><img loading=\"lazy\" decoding=\"async\" width=\"30\" height=\"27\" class=\"wp-image-37\" style=\"width: 30px;\" src=\"https:\/\/bpf-suedost.de\/sdb\/wp-content\/uploads\/2020\/01\/Schmetterling.jpg\" alt=\"\" srcset=\"https:\/\/bpf-suedost.de\/sdb\/wp-content\/uploads\/2020\/01\/Schmetterling.jpg 307w, https:\/\/bpf-suedost.de\/sdb\/wp-content\/uploads\/2020\/01\/Schmetterling-300x270.jpg 300w\" sizes=\"auto, (max-width: 30px) 100vw, 30px\" \/>Hier finden Sie aktuelle Themen \/ Veranstaltungen, an den derzeit in Erfenschlag gearbeitet wird und die BPF S\u00fcdost unterst\u00fctzt: <\/p>\n\n\n\n<ul class=\"wp-block-list\">\n<li>Tanz Cafe Erfenschlag 2022 -2024<\/li>\n\n\n\n<li>&#8222;Tag der offenen T\u00fcr&#8220; FFW Erfenschlag 2023<\/li>\n\n\n\n<li>Fotoausstellung &#8222;Wanderweg Rund um Erfenschlag&#8220; und &#8222;Malerei von Ute Nicklich&#8220; 2023<\/li>\n\n\n\n<li>Kreativer Ferienspa\u00df in der &#8222;Kreativ-Villa Erfenschlag&#8220; 2023 <\/li>\n\n\n\n<li>Radwegbau von Einsiedel ins Zentrum<\/li>\n\n\n\n<li>Hochwasserschutz<\/li>\n\n\n\n<li>Errichtung eines Spielepunktes auf dem ehemaligen Gel\u00e4nde des SB Erfenschlag 2024<\/li>\n\n\n\n<li>Aufwertung Steinbruch<\/li>\n\n\n\n<li>Panoramablick Pfarrh\u00fcbel &#8211; Errichtung Wetterpilz mit Sitzgelegenheiten 2024 &#8211; <mark style=\"background-color:rgba(0, 0, 0, 0)\" class=\"has-inline-color has-vivid-cyan-blue-color\">Station &#8222;Chemnitzer H\u00f6henweg&#8220;<\/mark><\/li>\n\n\n\n<li>Treffpunkt f\u00fcr Teens<\/li>\n<\/ul>\n\n\n\n<p><img loading=\"lazy\" decoding=\"async\" width=\"30\" height=\"27\" class=\"wp-image-37\" style=\"width: 30px;\" src=\"https:\/\/bpf-suedost.de\/sdb\/wp-content\/uploads\/2020\/01\/Schmetterling.jpg\" alt=\"\" srcset=\"https:\/\/bpf-suedost.de\/sdb\/wp-content\/uploads\/2020\/01\/Schmetterling.jpg 307w, https:\/\/bpf-suedost.de\/sdb\/wp-content\/uploads\/2020\/01\/Schmetterling-300x270.jpg 300w\" sizes=\"auto, (max-width: 30px) 100vw, 30px\" \/> <strong>Termine und Angebote sind \u00fcber nachfolgende Links einsehbar: <\/strong><\/p>\n\n\n\n<ul class=\"wp-block-list\">\n<li><a href=\"https:\/\/www.erfenschlag-bv.de\/\">Link<\/a> zum B\u00fcrgerverein Erfenschlag<\/li>\n\n\n\n<li><a href=\"http:\/\/www.feuerwehr-erfenschlag.de\/\">Link<\/a> zur Freiwilligen Feuerwehr Erfenschlag<\/li>\n\n\n\n<li><a href=\"http:\/\/www.ssvtextima.de\/\">Link<\/a> zu SSV Textima Chemnitz e.V.<\/li>\n\n\n\n<li><a href=\"https:\/\/voigt-baecker.de\/news\">Link<\/a> zur B\u00e4ckerei Voigt<\/li>\n\n\n\n<li><a href=\"http:\/\/www.restaurant-erfenschlag.de\/\">Link<\/a> zum Gasthaus Mediteranum<\/li>\n\n\n\n<li><a href=\"https:\/\/www.meinestadt.de\/chemnitz-erfenschlag\/aerzte\">Link<\/a> zu \u00c4rzten<\/li>\n\n\n\n<li><a href=\"https:\/\/caballino-ranch.de\/\">Link<\/a> zum Pferdehof<\/li>\n\n\n\n<li><a href=\"https:\/\/www.debora-krause.de\/start\/\">Link<\/a> zum Pflegedienst<\/li>\n\n\n\n<li><a href=\"http:\/\/www.physiotherapie-scheffler.de\/\">Link<\/a> zur Physiotherapie<\/li>\n\n\n\n<li><a href=\"https:\/\/www.kjf-online.de\/kita_leo02.html\">Link<\/a> zum Kinderhaus Leonardo<\/li>\n\n\n\n<li><a href=\"https:\/\/www.kreativ-villa.de\/\">Link<\/a> zur privaten Kita &#8222;Kreativ Villa&#8220;<\/li>\n<\/ul>\n\n\n\n<p><img loading=\"lazy\" decoding=\"async\" width=\"30\" height=\"27\" class=\"wp-image-37\" style=\"width: 30px;\" src=\"https:\/\/bpf-suedost.de\/sdb\/wp-content\/uploads\/2020\/01\/Schmetterling.jpg\" alt=\"\" srcset=\"https:\/\/bpf-suedost.de\/sdb\/wp-content\/uploads\/2020\/01\/Schmetterling.jpg 307w, https:\/\/bpf-suedost.de\/sdb\/wp-content\/uploads\/2020\/01\/Schmetterling-300x270.jpg 300w\" sizes=\"auto, (max-width: 30px) 100vw, 30px\" \/> <strong>Mitglieder Steuerungsgruppe f\u00fcr Erfenschlag:<\/strong><\/p>\n\n\n\n<ul class=\"wp-block-list\">\n<li>G\u00fcnter Kleinert<\/li>\n<\/ul>\n\n\n\n<p> <img loading=\"lazy\" decoding=\"async\" width=\"30\" height=\"27\" class=\"wp-image-37\" style=\"width: 30px;\" src=\"https:\/\/bpf-suedost.de\/sdb\/wp-content\/uploads\/2020\/01\/Schmetterling.jpg\" alt=\"\" srcset=\"https:\/\/bpf-suedost.de\/sdb\/wp-content\/uploads\/2020\/01\/Schmetterling.jpg 307w, https:\/\/bpf-suedost.de\/sdb\/wp-content\/uploads\/2020\/01\/Schmetterling-300x270.jpg 300w\" sizes=\"auto, (max-width: 30px) 100vw, 30px\" \/> In Erfenschlag durch die B\u00fcrgerplattform gef\u00f6rdert wurden: <\/p>\n\n\n\n<ul class=\"wp-block-list\">\n<li>Tag der offenen T\u00fcr FFW-Erfenschlag 2023<\/li>\n\n\n\n<li>zwei Foto- und Gallerieausstellungen 2023<\/li>\n\n\n\n<li>Kinderferienspa\u00df 2023<\/li>\n<\/ul>\n\n\n<div class=\"wp-block-image\">\n<figure class=\"alignleft size-large\"><img loading=\"lazy\" decoding=\"async\" width=\"724\" height=\"1024\" src=\"https:\/\/bpf-suedost.de\/sdb\/wp-content\/uploads\/2023\/12\/image-724x1024.jpg\" alt=\"\" class=\"wp-image-780\" srcset=\"https:\/\/bpf-suedost.de\/sdb\/wp-content\/uploads\/2023\/12\/image-724x1024.jpg 724w, https:\/\/bpf-suedost.de\/sdb\/wp-content\/uploads\/2023\/12\/image-212x300.jpg 212w, https:\/\/bpf-suedost.de\/sdb\/wp-content\/uploads\/2023\/12\/image-768x1086.jpg 768w, https:\/\/bpf-suedost.de\/sdb\/wp-content\/uploads\/2023\/12\/image-764x1080.jpg 764w, https:\/\/bpf-suedost.de\/sdb\/wp-content\/uploads\/2023\/12\/image.jpg 1024w\" sizes=\"auto, (max-width: 724px) 100vw, 724px\" \/><\/figure>\n<\/div>","protected":false},"excerpt":{"rendered":"<p>Erfenschlag Hier finden Sie aktuelle Themen \/ Veranstaltungen, an den derzeit in Erfenschlag gearbeitet wird und die BPF S\u00fcdost unterst\u00fctzt: Termine und Angebote sind \u00fcber nachfolgende Links einsehbar: Mitglieder Steuerungsgruppe f\u00fcr Erfenschlag: In Erfenschlag durch die B\u00fcrgerplattform gef\u00f6rdert wurden:<\/p>\n","protected":false},"author":2,"featured_media":0,"parent":0,"menu_order":0,"comment_status":"closed","ping_status":"closed","template":"","meta":{"footnotes":""},"class_list":["post-147","page","type-page","status-publish","hentry"],"_links":{"self":[{"href":"https:\/\/bpf-suedost.de\/sdb\/wp-json\/wp\/v2\/pages\/147","targetHints":{"allow":["GET"]}}],"collection":[{"href":"https:\/\/bpf-suedost.de\/sdb\/wp-json\/wp\/v2\/pages"}],"about":[{"href":"https:\/\/bpf-suedost.de\/sdb\/wp-json\/wp\/v2\/types\/page"}],"author":[{"embeddable":true,"href":"https:\/\/bpf-suedost.de\/sdb\/wp-json\/wp\/v2\/users\/2"}],"replies":[{"embeddable":true,"href":"https:\/\/bpf-suedost.de\/sdb\/wp-json\/wp\/v2\/comments?post=147"}],"version-history":[{"count":20,"href":"https:\/\/bpf-suedost.de\/sdb\/wp-json\/wp\/v2\/pages\/147\/revisions"}],"predecessor-version":[{"id":964,"href":"https:\/\/bpf-suedost.de\/sdb\/wp-json\/wp\/v2\/pages\/147\/revisions\/964"}],"wp:attachment":[{"href":"https:\/\/bpf-suedost.de\/sdb\/wp-json\/wp\/v2\/media?parent=147"}],"curies":[{"name":"wp","href":"https:\/\/api.w.org\/{rel}","templated":true}]}}