{"id":291,"date":"2020-05-26T10:55:02","date_gmt":"2020-05-26T10:55:02","guid":{"rendered":"https:\/\/bpf-suedost.de\/sdb\/?page_id=291"},"modified":"2020-05-27T09:18:55","modified_gmt":"2020-05-27T09:18:55","slug":"nahverkehrsumfrage-2020","status":"publish","type":"page","link":"https:\/\/bpf-suedost.de\/sdb\/nahverkehrsumfrage-2020","title":{"rendered":"Bedarfsanalyse Nahverkehr 2020"},"content":{"rendered":"\n<p>Vielen Dank f\u00fcr die Teilnahme an der Umfrage zur Nahverkehrsumfrage der B\u00fcrgerplattform S\u00fcdOst. Wir stellen Ihnen hier kurz die geplante Streckenf\u00fchrung der CVAG vor und m\u00f6chten Ihre Meinung dazu.<br>Gern m\u00f6chten wir auch das Nutzerverhalten der Anwohner etwas beleuchten, damit ggf. die Streckenplanung noch angepasst werden kann.<br>Wir erheben keine personenbezogenen Daten! Wir m\u00f6chten aber gern ein paar Eckdaten (Anschrift) wissen, damit man die Nachfrage auf die Stra\u00dfenz\u00fcge besser bestimmen kann.<\/p>\n\n\n\n<figure class=\"wp-block-image size-large is-style-default\"><img loading=\"lazy\" decoding=\"async\" width=\"925\" height=\"582\" src=\"https:\/\/bpf-suedost.de\/sdb\/wp-content\/uploads\/2020\/05\/Linienplan-89-neu-1.png\" alt=\"\" class=\"wp-image-302\" srcset=\"https:\/\/bpf-suedost.de\/sdb\/wp-content\/uploads\/2020\/05\/Linienplan-89-neu-1.png 925w, https:\/\/bpf-suedost.de\/sdb\/wp-content\/uploads\/2020\/05\/Linienplan-89-neu-1-300x189.png 300w, https:\/\/bpf-suedost.de\/sdb\/wp-content\/uploads\/2020\/05\/Linienplan-89-neu-1-768x483.png 768w\" sizes=\"auto, (max-width: 925px) 100vw, 925px\" \/><\/figure>\n\n\n\n<div class=\"frm_forms  with_frm_style frm_style_formidable-style\" id=\"frm_form_2_container\" >\n<form enctype=\"multipart\/form-data\" method=\"post\" class=\"frm-show-form \" id=\"form_umfrage\" >\n<div class=\"frm_form_fields \">\n<fieldset>\n<legend class=\"frm_screen_reader\">Bedarfsanalyse Nahverkehr Adelsberg<\/legend>\r\n\r\n<div class=\"frm_fields_container\">\n<input type=\"hidden\" name=\"frm_action\" value=\"create\" \/>\n<input type=\"hidden\" name=\"form_id\" value=\"2\" \/>\n<input type=\"hidden\" name=\"frm_hide_fields_2\" id=\"frm_hide_fields_2\" value=\"\" \/>\n<input type=\"hidden\" name=\"form_key\" value=\"umfrage\" \/>\n<input type=\"hidden\" name=\"item_meta[0]\" value=\"\" \/>\n<input type=\"hidden\" id=\"frm_submit_entry_2\" name=\"frm_submit_entry_2\" value=\"2fb029e2ff\" \/><input type=\"hidden\" name=\"_wp_http_referer\" value=\"\/sdb\/wp-json\/wp\/v2\/pages\/291\" \/><div id=\"frm_field_29_container\" class=\"frm_form_field form-field  frm_top_container vertical_radio\">\r\n    <div  id=\"field_czdrl_label\" class=\"frm_primary_label\">W\u00fcrden Sie eine Busverbindung nutzen, wenn diese optimal auf die Stadtteile angepa\u00dft w\u00e4re?\r\n        <span class=\"frm_required\"><\/span>\r\n    <\/div>\r\n    <div class=\"frm_opt_container\" aria-labelledby=\"field_czdrl_label\" role=\"radiogroup\">\t\t<div class=\"frm_radio\" id=\"frm_radio_29-0\">\t\t\t<label  for=\"field_czdrl-0\">\n\t\t\t\t\t<input type=\"radio\" name=\"item_meta[29]\" id=\"field_czdrl-0\" value=\"JA\"\n\t\t data-invmsg=\"W\u00fcrden Sie eine Busverbindung nutzen, wenn diese optimal auf die Stadtteile angepa\u00dft w\u00e4re? ist ung\u00fcltig\"   \/> JA<\/label><\/div>\n\t\t<div class=\"frm_radio\" id=\"frm_radio_29-1\">\t\t\t<label  for=\"field_czdrl-1\">\n\t\t\t\t\t<input type=\"radio\" name=\"item_meta[29]\" id=\"field_czdrl-1\" value=\"NEIN\"\n\t\t data-invmsg=\"W\u00fcrden Sie eine Busverbindung nutzen, wenn diese optimal auf die Stadtteile angepa\u00dft w\u00e4re? ist ung\u00fcltig\"   \/> NEIN<\/label><\/div>\n<\/div>\r\n    \r\n    \r\n<\/div>\n<div id=\"frm_field_30_container\" class=\"frm_form_field form-field  frm_top_container vertical_radio\">\r\n    <div  id=\"field_nsqje_label\" class=\"frm_primary_label\">Busnutzung - Wenn JA ... Wie oft w\u00fcrden Sie den Bus nutzen?\r\n        <span class=\"frm_required\"><\/span>\r\n    <\/div>\r\n    <div class=\"frm_opt_container\" aria-labelledby=\"field_nsqje_label\" role=\"radiogroup\">\t\t<div class=\"frm_radio\" id=\"frm_radio_30-0\">\t\t\t<label  for=\"field_nsqje-0\">\n\t\t\t\t\t<input type=\"radio\" name=\"item_meta[30]\" id=\"field_nsqje-0\" value=\"t\u00e4glich\"\n\t\t data-invmsg=\"Busnutzung - Wenn JA ... Wie oft w\u00fcrden Sie den Bus nutzen? ist ung\u00fcltig\"   \/> t\u00e4glich<\/label><\/div>\n\t\t<div class=\"frm_radio\" id=\"frm_radio_30-1\">\t\t\t<label  for=\"field_nsqje-1\">\n\t\t\t\t\t<input type=\"radio\" name=\"item_meta[30]\" id=\"field_nsqje-1\" value=\"w\u00f6chentlich\"\n\t\t data-invmsg=\"Busnutzung - Wenn JA ... Wie oft w\u00fcrden Sie den Bus nutzen? ist ung\u00fcltig\"   \/> w\u00f6chentlich<\/label><\/div>\n<\/div>\r\n    \r\n    \r\n<\/div>\n<div id=\"frm_field_25_container\" class=\"frm_form_field form-field  frm_top_container vertical_radio\">\r\n    <div  id=\"field_okkcs_label\" class=\"frm_primary_label\">Busnutzung - Wenn JA ... K\u00f6nnen sie die Tageszeiten eingrenzen? (mehrfach Nennungen m\u00f6glich)\r\n        <span class=\"frm_required\"><\/span>\r\n    <\/div>\r\n    <div class=\"frm_opt_container\" aria-labelledby=\"field_okkcs_label\" role=\"group\">\t\t<div class=\"frm_checkbox\" id=\"frm_checkbox_25-0\">\t\t\t<label  for=\"field_okkcs-0\">\n\t\t\t<input type=\"checkbox\" name=\"item_meta[25][]\" id=\"field_okkcs-0\" value=\"0 - 6 Uhr\"  data-invmsg=\"Busnutzung - Wenn JA ... K\u00f6nnen sie die Tageszeiten eingrenzen? (mehrfach Nennungen m\u00f6glich) ist ung\u00fcltig\"   \/> 0 - 6 Uhr<\/label><\/div>\n\t\t<div class=\"frm_checkbox\" id=\"frm_checkbox_25-1\">\t\t\t<label  for=\"field_okkcs-1\">\n\t\t\t<input type=\"checkbox\" name=\"item_meta[25][]\" id=\"field_okkcs-1\" value=\"6 - 9 Uhr\"  data-invmsg=\"Busnutzung - Wenn JA ... K\u00f6nnen sie die Tageszeiten eingrenzen? (mehrfach Nennungen m\u00f6glich) ist ung\u00fcltig\"   \/> 6 - 9 Uhr<\/label><\/div>\n\t\t<div class=\"frm_checkbox\" id=\"frm_checkbox_25-2\">\t\t\t<label  for=\"field_okkcs-2\">\n\t\t\t<input type=\"checkbox\" name=\"item_meta[25][]\" id=\"field_okkcs-2\" value=\"9 - 12 Uhr\"  data-invmsg=\"Busnutzung - Wenn JA ... K\u00f6nnen sie die Tageszeiten eingrenzen? (mehrfach Nennungen m\u00f6glich) ist ung\u00fcltig\"   \/> 9 - 12 Uhr<\/label><\/div>\n\t\t<div class=\"frm_checkbox\" id=\"frm_checkbox_25-3\">\t\t\t<label  for=\"field_okkcs-3\">\n\t\t\t<input type=\"checkbox\" name=\"item_meta[25][]\" id=\"field_okkcs-3\" value=\"13 - 15 Uhr\"  data-invmsg=\"Busnutzung - Wenn JA ... K\u00f6nnen sie die Tageszeiten eingrenzen? (mehrfach Nennungen m\u00f6glich) ist ung\u00fcltig\"   \/> 13 - 15 Uhr<\/label><\/div>\n\t\t<div class=\"frm_checkbox\" id=\"frm_checkbox_25-4\">\t\t\t<label  for=\"field_okkcs-4\">\n\t\t\t<input type=\"checkbox\" name=\"item_meta[25][]\" id=\"field_okkcs-4\" value=\"16 - 19 Uhr\"  data-invmsg=\"Busnutzung - Wenn JA ... K\u00f6nnen sie die Tageszeiten eingrenzen? (mehrfach Nennungen m\u00f6glich) ist ung\u00fcltig\"   \/> 16 - 19 Uhr<\/label><\/div>\n\t\t<div class=\"frm_checkbox\" id=\"frm_checkbox_25-5\">\t\t\t<label  for=\"field_okkcs-5\">\n\t\t\t<input type=\"checkbox\" name=\"item_meta[25][]\" id=\"field_okkcs-5\" value=\"20 - 0 Uhr\"  data-invmsg=\"Busnutzung - Wenn JA ... K\u00f6nnen sie die Tageszeiten eingrenzen? (mehrfach Nennungen m\u00f6glich) ist ung\u00fcltig\"   \/> 20 - 0 Uhr<\/label><\/div>\n\t\t<div class=\"frm_checkbox\" id=\"frm_checkbox_25-6\">\t\t\t<label  for=\"field_okkcs-6\">\n\t\t\t<input type=\"checkbox\" name=\"item_meta[25][]\" id=\"field_okkcs-6\" value=\"Einteilung nicht m\u00f6glich\"  data-invmsg=\"Busnutzung - Wenn JA ... K\u00f6nnen sie die Tageszeiten eingrenzen? (mehrfach Nennungen m\u00f6glich) ist ung\u00fcltig\"   \/> Einteilung nicht m\u00f6glich<\/label><\/div>\n<\/div>\r\n    \r\n    \r\n<\/div>\n<div id=\"frm_field_13_container\" class=\"frm_form_field form-field  frm_top_container\">\r\n    <label for=\"field_qf6so\" id=\"field_qf6so_label\" class=\"frm_primary_label\">Bitte tragen Sie ihre Anschrift ein. (Stra\u00dfe mit Hausnummer)\r\n        <span class=\"frm_required\"><\/span>\r\n    <\/label>\r\n    <input type=\"text\" id=\"field_qf6so\" name=\"item_meta[13]\" value=\"\"  data-invmsg=\"Text ist ung\u00fcltig\" aria-invalid=\"false\"  \/>\r\n    \r\n    \r\n<\/div>\n<div id=\"frm_field_24_container\" class=\"frm_form_field  frm_html_container form-field\">Welche Ziele fahren Sie zur Zeit regelm\u00e4ssig an? (z.B. Adresse der Schule, Arbeitsst\u00e4tte, Sportst\u00e4tte, Kaufhalle, Arztpraxis,  etc.)<\/div>\n<div id=\"frm_field_26_container\" class=\"frm_form_field form-field  frm_top_container\">\r\n    <label for=\"field_lzbyl\" id=\"field_lzbyl_label\" class=\"frm_primary_label\">Ziel 1\r\n        <span class=\"frm_required\"><\/span>\r\n    <\/label>\r\n    <input type=\"text\" id=\"field_lzbyl\" name=\"item_meta[26]\" value=\"\"  data-invmsg=\"Text ist ung\u00fcltig\" aria-invalid=\"false\"  \/>\r\n    \r\n    \r\n<\/div>\n<div id=\"frm_field_19_container\" class=\"frm_form_field form-field  frm_top_container\">\r\n    <label for=\"field_jojmy\" id=\"field_jojmy_label\" class=\"frm_primary_label\">Ziel 2\r\n        <span class=\"frm_required\"><\/span>\r\n    <\/label>\r\n    <input type=\"text\" id=\"field_jojmy\" name=\"item_meta[19]\" value=\"\"  data-invmsg=\"Text ist ung\u00fcltig\" aria-invalid=\"false\"  \/>\r\n    \r\n    \r\n<\/div>\n<div id=\"frm_field_18_container\" class=\"frm_form_field form-field  frm_top_container\">\r\n    <label for=\"field_n1x2y\" id=\"field_n1x2y_label\" class=\"frm_primary_label\">Ziel 3\r\n        <span class=\"frm_required\"><\/span>\r\n    <\/label>\r\n    <input type=\"text\" id=\"field_n1x2y\" name=\"item_meta[18]\" value=\"\"  data-invmsg=\"Text ist ung\u00fcltig\" aria-invalid=\"false\"  \/>\r\n    \r\n    \r\n<\/div>\n<div id=\"frm_field_17_container\" class=\"frm_form_field form-field  frm_top_container\">\r\n    <label for=\"field_w2idu\" id=\"field_w2idu_label\" class=\"frm_primary_label\">Ziel 4\r\n        <span class=\"frm_required\"><\/span>\r\n    <\/label>\r\n    <input type=\"text\" id=\"field_w2idu\" name=\"item_meta[17]\" value=\"\"  data-invmsg=\"Text ist ung\u00fcltig\" aria-invalid=\"false\"  \/>\r\n    \r\n    \r\n<\/div>\n<div id=\"frm_field_16_container\" class=\"frm_form_field form-field  frm_top_container\">\r\n    <label for=\"field_4d16l\" id=\"field_4d16l_label\" class=\"frm_primary_label\">Ziel 5\r\n        <span class=\"frm_required\"><\/span>\r\n    <\/label>\r\n    <input type=\"text\" id=\"field_4d16l\" name=\"item_meta[16]\" value=\"\"  data-invmsg=\"Text ist ung\u00fcltig\" aria-invalid=\"false\"  \/>\r\n    \r\n    \r\n<\/div>\n<div id=\"frm_field_11_container\" class=\"frm_form_field form-field  frm_top_container vertical_radio\">\r\n    <div  id=\"field_sbrzh_label\" class=\"frm_primary_label\">Finden Sie die geplante Linienf\u00fchrung der Linie 89 sinnvoll? (siehe Plan)\r\n        <span class=\"frm_required\"><\/span>\r\n    <\/div>\r\n    <div class=\"frm_opt_container\" aria-labelledby=\"field_sbrzh_label\" role=\"radiogroup\">\t\t<div class=\"frm_radio\" id=\"frm_radio_11-0\">\t\t\t<label  for=\"field_sbrzh-0\">\n\t\t\t\t\t<input type=\"radio\" name=\"item_meta[11]\" id=\"field_sbrzh-0\" value=\"JA\"\n\t\t data-invmsg=\"Finden Sie die geplante Linienf\u00fchrung der Linie 89 sinnvoll? (siehe Plan) ist ung\u00fcltig\"   \/> JA<\/label><\/div>\n\t\t<div class=\"frm_radio\" id=\"frm_radio_11-1\">\t\t\t<label  for=\"field_sbrzh-1\">\n\t\t\t\t\t<input type=\"radio\" name=\"item_meta[11]\" id=\"field_sbrzh-1\" value=\"NEIN\"\n\t\t data-invmsg=\"Finden Sie die geplante Linienf\u00fchrung der Linie 89 sinnvoll? (siehe Plan) ist ung\u00fcltig\"   \/> NEIN<\/label><\/div>\n<\/div>\r\n    \r\n    \r\n<\/div>\n<div id=\"frm_field_10_container\" class=\"frm_form_field form-field  frm_top_container vertical_radio\">\r\n    <div  id=\"field_yrbq4_label\" class=\"frm_primary_label\">Zu welcher Alterngruppe geh\u00f6ren Sie?\r\n        <span class=\"frm_required\"><\/span>\r\n    <\/div>\r\n    <div class=\"frm_opt_container\" aria-labelledby=\"field_yrbq4_label\" role=\"radiogroup\">\t\t<div class=\"frm_radio\" id=\"frm_radio_10-0\">\t\t\t<label  for=\"field_yrbq4-0\">\n\t\t\t\t\t<input type=\"radio\" name=\"item_meta[10]\" id=\"field_yrbq4-0\" value=\"unter 18\"\n\t\t data-invmsg=\"Zu welcher Alterngruppe geh\u00f6ren Sie? ist ung\u00fcltig\"   \/> unter 18<\/label><\/div>\n\t\t<div class=\"frm_radio\" id=\"frm_radio_10-1\">\t\t\t<label  for=\"field_yrbq4-1\">\n\t\t\t\t\t<input type=\"radio\" name=\"item_meta[10]\" id=\"field_yrbq4-1\" value=\"18 - 64\"\n\t\t data-invmsg=\"Zu welcher Alterngruppe geh\u00f6ren Sie? ist ung\u00fcltig\"   \/> 18 - 64<\/label><\/div>\n\t\t<div class=\"frm_radio\" id=\"frm_radio_10-2\">\t\t\t<label  for=\"field_yrbq4-2\">\n\t\t\t\t\t<input type=\"radio\" name=\"item_meta[10]\" id=\"field_yrbq4-2\" value=\"\u00fcber 65\"\n\t\t data-invmsg=\"Zu welcher Alterngruppe geh\u00f6ren Sie? ist ung\u00fcltig\"   \/> \u00fcber 65<\/label><\/div>\n\t\t<div class=\"frm_radio\" id=\"frm_radio_10-3\">\t\t\t<label  for=\"field_yrbq4-3\">\n\t\t\t\t\t<input type=\"radio\" name=\"item_meta[10]\" id=\"field_yrbq4-3\" value=\"keine Angabe\"\n\t\t data-invmsg=\"Zu welcher Alterngruppe geh\u00f6ren Sie? ist ung\u00fcltig\"   \/> keine Angabe<\/label><\/div>\n<\/div>\r\n    \r\n    \r\n<\/div>\n\t<input type=\"hidden\" name=\"item_key\" value=\"\" \/>\n\t\t\t<div id=\"frm_field_44_container\">\n\t\t\t<label for=\"field_yqhr9\" >\n\t\t\t\tFalls Du menschlich bist, lasse dieses Feld leer.\t\t\t<\/label>\n\t\t\t<input  id=\"field_yqhr9\" type=\"text\" class=\"frm_form_field form-field frm_verify\" name=\"item_meta[44]\" value=\"\"  \/>\n\t\t<\/div>\n\t\t<input name=\"frm_state\" type=\"hidden\" value=\"VLgFBuTfKjr9x0jOkT2vcJBtkR0TPIRT7a50xbw7FKM=\" \/><div class=\"frm_submit\">\r\n\r\n<button class=\"frm_button_submit\" type=\"submit\"  >Senden<\/button>\r\n\r\n<\/div><\/div>\n<\/fieldset>\n<\/div>\n\n<\/form>\n<\/div>\n\n","protected":false},"excerpt":{"rendered":"<p>Vielen Dank f\u00fcr die Teilnahme an der Umfrage zur Nahverkehrsumfrage der B\u00fcrgerplattform S\u00fcdOst. Wir stellen Ihnen hier kurz die geplante Streckenf\u00fchrung der CVAG vor und m\u00f6chten Ihre Meinung dazu.Gern m\u00f6chten wir auch das Nutzerverhalten der Anwohner etwas beleuchten, damit ggf. die Streckenplanung noch angepasst werden kann.Wir erheben keine personenbezogenen Daten! Wir m\u00f6chten aber gern ein&hellip; <br \/> <a class=\"button small blue\" href=\"https:\/\/bpf-suedost.de\/sdb\/nahverkehrsumfrage-2020\">Weiterlesen<\/a><\/p>\n","protected":false},"author":2,"featured_media":0,"parent":0,"menu_order":0,"comment_status":"closed","ping_status":"closed","template":"","meta":{"footnotes":""},"class_list":["post-291","page","type-page","status-publish","hentry"],"_links":{"self":[{"href":"https:\/\/bpf-suedost.de\/sdb\/wp-json\/wp\/v2\/pages\/291","targetHints":{"allow":["GET"]}}],"collection":[{"href":"https:\/\/bpf-suedost.de\/sdb\/wp-json\/wp\/v2\/pages"}],"about":[{"href":"https:\/\/bpf-suedost.de\/sdb\/wp-json\/wp\/v2\/types\/page"}],"author":[{"embeddable":true,"href":"https:\/\/bpf-suedost.de\/sdb\/wp-json\/wp\/v2\/users\/2"}],"replies":[{"embeddable":true,"href":"https:\/\/bpf-suedost.de\/sdb\/wp-json\/wp\/v2\/comments?post=291"}],"version-history":[{"count":7,"href":"https:\/\/bpf-suedost.de\/sdb\/wp-json\/wp\/v2\/pages\/291\/revisions"}],"predecessor-version":[{"id":330,"href":"https:\/\/bpf-suedost.de\/sdb\/wp-json\/wp\/v2\/pages\/291\/revisions\/330"}],"wp:attachment":[{"href":"https:\/\/bpf-suedost.de\/sdb\/wp-json\/wp\/v2\/media?parent=291"}],"curies":[{"name":"wp","href":"https:\/\/api.w.org\/{rel}","templated":true}]}}