{"id":3,"date":"2019-10-11T05:57:40","date_gmt":"2019-10-11T05:57:40","guid":{"rendered":"https:\/\/bpf-suedost.de\/sdb\/?page_id=3"},"modified":"2025-02-04T15:41:55","modified_gmt":"2025-02-04T14:41:55","slug":"privacy-policy","status":"publish","type":"page","link":"https:\/\/bpf-suedost.de\/sdb\/privacy-policy","title":{"rendered":"Impressum\/Datenschutz"},"content":{"rendered":"\n<p class=\"wp-block-paragraph\">Diese Webseite wird betrieben vom<br><br><strong>B\u00fcrgerplattform S\u00fcdost<\/strong><br>B\u00fcrger- und Kulturverein Chemnitz S\u00fcdost e.V.<br>Adelsbergstra\u00dfe 252a<br>09127 Chemnitz<br><br>Email: <a href=\"mailto:kontakt@bpf-suedost.de\">kontakt@bpf-suedost.de<\/a><br>Inhalt, Gestaltung und Design Koordinator BPF S\u00fcdost<br><br><strong>Datenschutz<\/strong><br>Die Webseite ist Bestandteil der B\u00fcrgerplattform S\u00fcdost.<br>N\u00e4here Informationen zum Datenschutz erhalten Sie auf Nachfrage.<br><br><strong>Disclaimer<\/strong><br><br><strong>Haftung f\u00fcr Inhalte<\/strong><br>Als Diensteanbieter sind wir gem\u00e4\u00df \u00a7 7 Abs.1 TMG f\u00fcr eigene Inhalte auf diesen Seiten nach den allgemeinen Gesetzen verantwortlich. Nach \u00a7\u00a7 8 bis 10 TMG sind wir als Diensteanbieter jedoch nicht verpflichtet, \u00fcbermittelte oder gespeicherte fremde Informationen zu \u00fcberwachen oder nach Umst\u00e4nden zu forschen, die auf eine rechtswidrige T\u00e4tigkeit hinweisen. Verpflichtungen zur Entfernung oder Sperrung der Nutzung von Informationen nach den allgemeinen Gesetzen bleiben hiervon unber\u00fchrt. Eine diesbez\u00fcgliche Haftung ist jedoch erst ab dem Zeitpunkt der Kenntnis einer konkreten Rechtsverletzung m\u00f6glich. Bei Bekanntwerden von entsprechenden Rechtsverletzungen werden wir diese Inhalte umgehend entfernen.<br><br><strong>Haftung f\u00fcr Links<\/strong><br>Unser Angebot enth\u00e4lt Links zu externen Webseiten Dritter, auf deren Inhalte wir keinen Einfluss haben. Deshalb k\u00f6nnen wir f\u00fcr diese fremden Inhalte auch keine Gew\u00e4hr \u00fcbernehmen. F\u00fcr die Inhalte der verlinkten Seiten ist stets der jeweilige Anbieter oder Betreiber der Seiten verantwortlich. Die verlinkten Seiten wurden zum Zeitpunkt der Verlinkung auf m\u00f6gliche Rechtsverst\u00f6\u00dfe \u00fcberpr\u00fcft. Rechtswidrige Inhalte waren zum Zeitpunkt der Verlinkung nicht erkennbar. Eine permanente inhaltliche Kontrolle der verlinkten Seiten ist jedoch ohne konkrete Anhaltspunkte einer Rechtsverletzung nicht zumutbar. Bei Bekanntwerden von Rechtsverletzungen werden wir derartige Links umgehend entfernen.<br><br><strong>Urheberrecht<\/strong><br>Die durch die Seitenbetreiber erstellten Inhalte und Werke auf diesen Seiten unterliegen dem deutschen Urheberrecht. Die Vervielf\u00e4ltigung, Bearbeitung, Verbreitung und jede Art der Verwertung au\u00dferhalb der Grenzen des Urheberrechtes bed\u00fcrfen der schriftlichen Zustimmung des jeweiligen Autors bzw. Erstellers. Downloads und Kopien dieser Seite sind nur f\u00fcr den privaten, nicht kommerziellen Gebrauch gestattet. Soweit die Inhalte auf dieser Seite nicht vom Betreiber erstellt wurden, werden die Urheberrechte Dritter beachtet. Insbesondere werden Inhalte Dritter als solche gekennzeichnet. Sollten Sie trotzdem auf eine Urheberrechtsverletzung aufmerksam werden, bitten wir um einen entsprechenden Hinweis. Bei Bekanntwerden von Rechtsverletzungen werden wir derartige Inhalte umgehend entfernen.<br><br><strong>Internetbesucher<\/strong><br>Vom Seitenbetreiber werden keine personenbezogenen Daten \u00fcber den Webseitenbesuch erhoben. Lediglich anonyme statistische Zugriffszahlen stehen zur Verf\u00fcgung. Die Webseite wird mit WordPress als Content Management System betrieben. Es werden daf\u00fcr Cookies ben\u00f6tigt. N\u00e4here Informationen finden Sie hier \u2026https:\/\/de.support.wordpress.com\/cookies\/<br>Da wir keinen Benutzerbereich haben, keine Analysewerkzeuge sowie Werbung schalten auch keine Dienstleistungen (Online-Verkauf etc.) anbieten, werden von uns auch keine personenbezogenen Daten ausgewertet oder verarbeitet. Cookies werden nicht gespeichert.<\/p>\n","protected":false},"excerpt":{"rendered":"<p>Diese Webseite wird betrieben vom B\u00fcrgerplattform S\u00fcdostB\u00fcrger- und Kulturverein Chemnitz S\u00fcdost e.V.Adelsbergstra\u00dfe 252a09127 Chemnitz Email: kontakt@bpf-suedost.deInhalt, Gestaltung und Design Koordinator BPF S\u00fcdost DatenschutzDie Webseite ist Bestandteil der B\u00fcrgerplattform S\u00fcdost.N\u00e4here Informationen [&hellip;]<\/p>\n","protected":false},"author":2,"featured_media":0,"parent":0,"menu_order":0,"comment_status":"closed","ping_status":"closed","template":"","meta":{"_crdt_document":"","_uag_custom_page_level_css":"","_EventAllDay":false,"_EventTimezone":"","_EventStartDate":"","_EventEndDate":"","_EventStartDateUTC":"","_EventEndDateUTC":"","_EventShowMap":false,"_EventShowMapLink":false,"_EventURL":"","_EventCost":"","_EventCostDescription":"","_EventCurrencySymbol":"","_EventCurrencyCode":"","_EventCurrencyPosition":"","_EventDateTimeSeparator":"","_EventTimeRangeSeparator":"","_EventOrganizerID":[],"_EventVenueID":[],"_OrganizerEmail":"","_OrganizerPhone":"","_OrganizerWebsite":"","_VenueAddress":"","_VenueCity":"","_VenueCountry":"","_VenueProvince":"","_VenueState":"","_VenueZip":"","_VenuePhone":"","_VenueURL":"","_VenueStateProvince":"","_VenueLat":"","_VenueLng":"","_VenueShowMap":false,"_VenueShowMapLink":false,"_themeisle_gutenberg_block_has_review":false,"footnotes":""},"class_list":["post-3","page","type-page","status-publish","hentry"],"blocksy_meta":[],"uagb_featured_image_src":{"full":false,"thumbnail":false,"medium":false,"medium_large":false,"large":false,"1536x1536":false,"2048x2048":false},"uagb_author_info":{"display_name":"admin","author_link":"https:\/\/bpf-suedost.de\/sdb\/archive\/author\/admin"},"uagb_comment_info":0,"uagb_excerpt":"Diese Webseite wird betrieben vom B\u00fcrgerplattform S\u00fcdostB\u00fcrger- und Kulturverein Chemnitz S\u00fcdost e.V.Adelsbergstra\u00dfe 252a09127 Chemnitz Email: kontakt@bpf-suedost.deInhalt, Gestaltung und Design Koordinator BPF S\u00fcdost DatenschutzDie Webseite ist Bestandteil der B\u00fcrgerplattform S\u00fcdost.N\u00e4here Informationen [&hellip;]","_links":{"self":[{"href":"https:\/\/bpf-suedost.de\/sdb\/wp-json\/wp\/v2\/pages\/3","targetHints":{"allow":["GET"]}}],"collection":[{"href":"https:\/\/bpf-suedost.de\/sdb\/wp-json\/wp\/v2\/pages"}],"about":[{"href":"https:\/\/bpf-suedost.de\/sdb\/wp-json\/wp\/v2\/types\/page"}],"author":[{"embeddable":true,"href":"https:\/\/bpf-suedost.de\/sdb\/wp-json\/wp\/v2\/users\/2"}],"replies":[{"embeddable":true,"href":"https:\/\/bpf-suedost.de\/sdb\/wp-json\/wp\/v2\/comments?post=3"}],"version-history":[{"count":8,"href":"https:\/\/bpf-suedost.de\/sdb\/wp-json\/wp\/v2\/pages\/3\/revisions"}],"predecessor-version":[{"id":1170,"href":"https:\/\/bpf-suedost.de\/sdb\/wp-json\/wp\/v2\/pages\/3\/revisions\/1170"}],"wp:attachment":[{"href":"https:\/\/bpf-suedost.de\/sdb\/wp-json\/wp\/v2\/media?parent=3"}],"curies":[{"name":"wp","href":"https:\/\/api.w.org\/{rel}","templated":true}]}}