{"id":310,"date":"2020-06-24T13:19:04","date_gmt":"2020-06-24T13:19:04","guid":{"rendered":"https:\/\/bpf-suedost.de\/sdb\/?page_id=310"},"modified":"2020-06-24T13:19:04","modified_gmt":"2020-06-24T13:19:04","slug":"radnutzung-chemnitz-suedost","status":"publish","type":"page","link":"https:\/\/bpf-suedost.de\/sdb\/radnutzung-chemnitz-suedost","title":{"rendered":"Radnutzung Chemnitz S\u00fcdost"},"content":{"rendered":"\n<p>Das Radnetz im S\u00fcdosten von Chemnitz ist sehr d\u00fcnn. Es fehlen funktionale Querverbindungen zwischen den Wohngebieten und Stadtteilen. Insgesamt gibt es viele Gefahrenstellen, welche sich in der gemeinsamen Nutzung von Verkehrsfl\u00e4chen begr\u00fcnden. Bitte unterst\u00fctzen Sie mit der Beantwortung des Fragebogens die Schaffung eines besseren Radwegeangebots. Vielen herzlichen Dank<\/p>\n\n\n<div class=\"frm_forms  with_frm_style frm_style_formidable-style\" id=\"frm_form_3_container\" >\n<form enctype=\"multipart\/form-data\" method=\"post\" class=\"frm-show-form \" id=\"form_umfrageaf9ccc3f63\" >\n<div class=\"frm_form_fields \">\n<fieldset>\n<legend class=\"frm_screen_reader\">Radnutzung<\/legend>\r\n\r\n<div class=\"frm_fields_container\">\n<input type=\"hidden\" name=\"frm_action\" value=\"create\" \/>\n<input type=\"hidden\" name=\"form_id\" value=\"3\" \/>\n<input type=\"hidden\" name=\"frm_hide_fields_3\" id=\"frm_hide_fields_3\" value=\"\" \/>\n<input type=\"hidden\" name=\"form_key\" value=\"umfrageaf9ccc3f63\" \/>\n<input type=\"hidden\" name=\"item_meta[0]\" value=\"\" \/>\n<input type=\"hidden\" id=\"frm_submit_entry_3\" name=\"frm_submit_entry_3\" value=\"2e0d2b27bf\" \/><input type=\"hidden\" name=\"_wp_http_referer\" value=\"\/sdb\/wp-json\/wp\/v2\/pages\/310\" \/><div id=\"frm_field_31_container\" class=\"frm_form_field form-field  frm_top_container vertical_radio\">\r\n    <div  id=\"field_lrzl0_label\" class=\"frm_primary_label\">Wie oft nutzen Sie ihr Fahrrad?\r\n        <span class=\"frm_required\"><\/span>\r\n    <\/div>\r\n    <div class=\"frm_opt_container\" aria-labelledby=\"field_lrzl0_label\" role=\"radiogroup\">\t\t<div class=\"frm_radio\" id=\"frm_radio_31-0\">\t\t\t<label  for=\"field_lrzl0-0\">\n\t\t\t\t\t<input type=\"radio\" name=\"item_meta[31]\" id=\"field_lrzl0-0\" value=\"t\u00e4glich\"\n\t\t data-invmsg=\"Wie oft nutzen Sie ihr Fahrrad? ist ung\u00fcltig\"   \/> t\u00e4glich<\/label><\/div>\n\t\t<div class=\"frm_radio\" id=\"frm_radio_31-1\">\t\t\t<label  for=\"field_lrzl0-1\">\n\t\t\t\t\t<input type=\"radio\" name=\"item_meta[31]\" id=\"field_lrzl0-1\" value=\"mindestens einmal pro Woche\"\n\t\t data-invmsg=\"Wie oft nutzen Sie ihr Fahrrad? ist ung\u00fcltig\"   \/> mindestens einmal pro Woche<\/label><\/div>\n\t\t<div class=\"frm_radio\" id=\"frm_radio_31-2\">\t\t\t<label  for=\"field_lrzl0-2\">\n\t\t\t\t\t<input type=\"radio\" name=\"item_meta[31]\" id=\"field_lrzl0-2\" value=\"mindestens einmal pro Monat\"\n\t\t data-invmsg=\"Wie oft nutzen Sie ihr Fahrrad? ist ung\u00fcltig\"   \/> mindestens einmal pro Monat<\/label><\/div>\n\t\t<div class=\"frm_radio\" id=\"frm_radio_31-3\">\t\t\t<label  for=\"field_lrzl0-3\">\n\t\t\t\t\t<input type=\"radio\" name=\"item_meta[31]\" id=\"field_lrzl0-3\" value=\"seltener\"\n\t\t data-invmsg=\"Wie oft nutzen Sie ihr Fahrrad? ist ung\u00fcltig\"   \/> seltener<\/label><\/div>\n<\/div>\r\n    \r\n    \r\n<\/div>\n<div id=\"frm_field_32_container\" class=\"frm_form_field form-field  frm_top_container vertical_radio\">\r\n    <div  id=\"field_6rxvi_label\" class=\"frm_primary_label\">Was ist der Grund f\u00fcr die Nutzung ihres Fahrrads?\r\n        <span class=\"frm_required\"><\/span>\r\n    <\/div>\r\n    <div class=\"frm_opt_container\" aria-labelledby=\"field_6rxvi_label\" role=\"radiogroup\">\t\t<div class=\"frm_radio\" id=\"frm_radio_32-0\">\t\t\t<label  for=\"field_6rxvi-0\">\n\t\t\t\t\t<input type=\"radio\" name=\"item_meta[32]\" id=\"field_6rxvi-0\" value=\"Fahrt zur Arbeit und\/oder zur\u00fcck\"\n\t\t data-invmsg=\"Was ist der Grund f\u00fcr die Nutzung ihres Fahrrads? ist ung\u00fcltig\"   \/> Fahrt zur Arbeit und\/oder zur\u00fcck<\/label><\/div>\n\t\t<div class=\"frm_radio\" id=\"frm_radio_32-1\">\t\t\t<label  for=\"field_6rxvi-1\">\n\t\t\t\t\t<input type=\"radio\" name=\"item_meta[32]\" id=\"field_6rxvi-1\" value=\"Fahrt zur Schule \/ Kindergarten und\/oder zur\u00fcck\"\n\t\t data-invmsg=\"Was ist der Grund f\u00fcr die Nutzung ihres Fahrrads? ist ung\u00fcltig\"   \/> Fahrt zur Schule \/ Kindergarten und\/oder zur\u00fcck<\/label><\/div>\n\t\t<div class=\"frm_radio\" id=\"frm_radio_32-2\">\t\t\t<label  for=\"field_6rxvi-2\">\n\t\t\t\t\t<input type=\"radio\" name=\"item_meta[32]\" id=\"field_6rxvi-2\" value=\"Freizeit \/ Sport\"\n\t\t data-invmsg=\"Was ist der Grund f\u00fcr die Nutzung ihres Fahrrads? ist ung\u00fcltig\"   \/> Freizeit \/ Sport<\/label><\/div>\n\t\t<div class=\"frm_radio\" id=\"frm_radio_32-3\">\t\t\t<label  for=\"field_6rxvi-3\">\n\t\t\t\t\t<input type=\"radio\" name=\"item_meta[32]\" id=\"field_6rxvi-3\" value=\"Einkauf\"\n\t\t data-invmsg=\"Was ist der Grund f\u00fcr die Nutzung ihres Fahrrads? ist ung\u00fcltig\"   \/> Einkauf<\/label><\/div>\n<\/div>\r\n    \r\n    \r\n<\/div>\n<div id=\"frm_field_33_container\" class=\"frm_form_field form-field  frm_top_container vertical_radio\">\r\n    <div  id=\"field_c1eoo_label\" class=\"frm_primary_label\">Wie erreichen Sie haupts\u00e4chlich ihr Ziel ohne Fahrrad?\r\n        <span class=\"frm_required\"><\/span>\r\n    <\/div>\r\n    <div class=\"frm_opt_container\" aria-labelledby=\"field_c1eoo_label\" role=\"radiogroup\">\t\t<div class=\"frm_radio\" id=\"frm_radio_33-0\">\t\t\t<label  for=\"field_c1eoo-0\">\n\t\t\t\t\t<input type=\"radio\" name=\"item_meta[33]\" id=\"field_c1eoo-0\" value=\"mit dem PKW \/ Motorrad \/ E-Roller\"\n\t\t data-invmsg=\"Wie erreichen Sie haupts\u00e4chlich ihr Ziel ohne Fahrrad? ist ung\u00fcltig\"   \/> mit dem PKW \/ Motorrad \/ E-Roller<\/label><\/div>\n\t\t<div class=\"frm_radio\" id=\"frm_radio_33-1\">\t\t\t<label  for=\"field_c1eoo-1\">\n\t\t\t\t\t<input type=\"radio\" name=\"item_meta[33]\" id=\"field_c1eoo-1\" value=\"mit dem Bus \/ der Bahn\"\n\t\t data-invmsg=\"Wie erreichen Sie haupts\u00e4chlich ihr Ziel ohne Fahrrad? ist ung\u00fcltig\"   \/> mit dem Bus \/ der Bahn<\/label><\/div>\n\t\t<div class=\"frm_radio\" id=\"frm_radio_33-2\">\t\t\t<label  for=\"field_c1eoo-2\">\n\t\t\t\t\t<input type=\"radio\" name=\"item_meta[33]\" id=\"field_c1eoo-2\" value=\"zu Fu\u00df\"\n\t\t data-invmsg=\"Wie erreichen Sie haupts\u00e4chlich ihr Ziel ohne Fahrrad? ist ung\u00fcltig\"   \/> zu Fu\u00df<\/label><\/div>\n<\/div>\r\n    \r\n    \r\n<\/div>\n<div id=\"frm_field_34_container\" class=\"frm_form_field form-field  frm_top_container vertical_radio\">\r\n    <div  id=\"field_fih6f_label\" class=\"frm_primary_label\">Verf\u00fcgen Sie \u00fcber einen eigenen PKW?\r\n        <span class=\"frm_required\"><\/span>\r\n    <\/div>\r\n    <div class=\"frm_opt_container\" aria-labelledby=\"field_fih6f_label\" role=\"radiogroup\">\t\t<div class=\"frm_radio\" id=\"frm_radio_34-0\">\t\t\t<label  for=\"field_fih6f-0\">\n\t\t\t\t\t<input type=\"radio\" name=\"item_meta[34]\" id=\"field_fih6f-0\" value=\"ja\"\n\t\t data-invmsg=\"Verf\u00fcgen Sie \u00fcber einen eigenen PKW? ist ung\u00fcltig\"   \/> ja<\/label><\/div>\n\t\t<div class=\"frm_radio\" id=\"frm_radio_34-1\">\t\t\t<label  for=\"field_fih6f-1\">\n\t\t\t\t\t<input type=\"radio\" name=\"item_meta[34]\" id=\"field_fih6f-1\" value=\"nein\"\n\t\t data-invmsg=\"Verf\u00fcgen Sie \u00fcber einen eigenen PKW? ist ung\u00fcltig\"   \/> nein<\/label><\/div>\n<\/div>\r\n    \r\n    \r\n<\/div>\n<div id=\"frm_field_35_container\" class=\"frm_form_field form-field  frm_top_container vertical_radio\">\r\n    <div  id=\"field_qkm8d_label\" class=\"frm_primary_label\">W\u00fcrden Sie \u00f6fters mit dem Fahrrad fahren, wenn es eine entsprechende Infrastruktur g\u00e4be?\r\n        <span class=\"frm_required\"><\/span>\r\n    <\/div>\r\n    <div class=\"frm_opt_container\" aria-labelledby=\"field_qkm8d_label\" role=\"radiogroup\">\t\t<div class=\"frm_radio\" id=\"frm_radio_35-0\">\t\t\t<label  for=\"field_qkm8d-0\">\n\t\t\t\t\t<input type=\"radio\" name=\"item_meta[35]\" id=\"field_qkm8d-0\" value=\"ja, auf jeden Fall\"\n\t\t data-invmsg=\"W\u00fcrden Sie \u00f6fters mit dem Fahrrad fahren, wenn es eine entsprechende Infrastruktur g\u00e4be? ist ung\u00fcltig\"   \/> ja, auf jeden Fall<\/label><\/div>\n\t\t<div class=\"frm_radio\" id=\"frm_radio_35-3\">\t\t\t<label  for=\"field_qkm8d-3\">\n\t\t\t\t\t<input type=\"radio\" name=\"item_meta[35]\" id=\"field_qkm8d-3\" value=\"ja, bestimmt\"\n\t\t data-invmsg=\"W\u00fcrden Sie \u00f6fters mit dem Fahrrad fahren, wenn es eine entsprechende Infrastruktur g\u00e4be? ist ung\u00fcltig\"   \/> ja, bestimmt<\/label><\/div>\n\t\t<div class=\"frm_radio\" id=\"frm_radio_35-1\">\t\t\t<label  for=\"field_qkm8d-1\">\n\t\t\t\t\t<input type=\"radio\" name=\"item_meta[35]\" id=\"field_qkm8d-1\" value=\"kann ich derzeit nicht beantworten\"\n\t\t data-invmsg=\"W\u00fcrden Sie \u00f6fters mit dem Fahrrad fahren, wenn es eine entsprechende Infrastruktur g\u00e4be? ist ung\u00fcltig\"   \/> kann ich derzeit nicht beantworten<\/label><\/div>\n\t\t<div class=\"frm_radio\" id=\"frm_radio_35-4\">\t\t\t<label  for=\"field_qkm8d-4\">\n\t\t\t\t\t<input type=\"radio\" name=\"item_meta[35]\" id=\"field_qkm8d-4\" value=\"nein, eher nicht\"\n\t\t data-invmsg=\"W\u00fcrden Sie \u00f6fters mit dem Fahrrad fahren, wenn es eine entsprechende Infrastruktur g\u00e4be? ist ung\u00fcltig\"   \/> nein, eher nicht<\/label><\/div>\n\t\t<div class=\"frm_radio\" id=\"frm_radio_35-2\">\t\t\t<label  for=\"field_qkm8d-2\">\n\t\t\t\t\t<input type=\"radio\" name=\"item_meta[35]\" id=\"field_qkm8d-2\" value=\"nein, auf keinen Fall\"\n\t\t data-invmsg=\"W\u00fcrden Sie \u00f6fters mit dem Fahrrad fahren, wenn es eine entsprechende Infrastruktur g\u00e4be? ist ung\u00fcltig\"   \/> nein, auf keinen Fall<\/label><\/div>\n<\/div>\r\n    \r\n    \r\n<\/div>\n<div id=\"frm_field_36_container\" class=\"frm_form_field form-field  frm_top_container\">\r\n    <label for=\"field_93u2g\" id=\"field_93u2g_label\" class=\"frm_primary_label\">Gibt es aus ihrer Sicht konkrete Gefahrenstellen und welche w\u00e4ren das? (Wegabschnitt benennen)\r\n        <span class=\"frm_required\"><\/span>\r\n    <\/label>\r\n    <input type=\"text\" id=\"field_93u2g\" name=\"item_meta[36]\" value=\"\"  data-invmsg=\"Text ist ung\u00fcltig\" aria-invalid=\"false\"  \/>\r\n    \r\n    \r\n<\/div>\n<div id=\"frm_field_38_container\" class=\"frm_form_field form-field  frm_top_container\">\r\n    <label for=\"field_eqrz8\" id=\"field_eqrz8_label\" class=\"frm_primary_label\">Welcher Wegabschnitt sollte aus ihrer Sicht geschaffen werden? (Bitte benennen)\r\n        <span class=\"frm_required\"><\/span>\r\n    <\/label>\r\n    <input type=\"text\" id=\"field_eqrz8\" name=\"item_meta[38]\" value=\"\"  data-invmsg=\"Text ist ung\u00fcltig\" aria-invalid=\"false\"  \/>\r\n    \r\n    \r\n<\/div>\n<div id=\"frm_field_37_container\" class=\"frm_form_field form-field  frm_top_container\">\r\n    <label for=\"field_4htuc\" id=\"field_4htuc_label\" class=\"frm_primary_label\">Was m\u00f6chten Sie noch zu diesem Thema beitragen? \r\n        <span class=\"frm_required\"><\/span>\r\n    <\/label>\r\n    <input type=\"text\" id=\"field_4htuc\" name=\"item_meta[37]\" value=\"\"  data-invmsg=\"Text ist ung\u00fcltig\" aria-invalid=\"false\"  \/>\r\n    \r\n    \r\n<\/div>\n\t<input type=\"hidden\" name=\"item_key\" value=\"\" \/>\n\t\t\t<div id=\"frm_field_44_container\">\n\t\t\t<label for=\"field_foyki\" >\n\t\t\t\tFalls Du menschlich bist, lasse dieses Feld leer.\t\t\t<\/label>\n\t\t\t<input  id=\"field_foyki\" type=\"text\" class=\"frm_form_field form-field frm_verify\" name=\"item_meta[44]\" value=\"\"  \/>\n\t\t<\/div>\n\t\t<input name=\"frm_state\" type=\"hidden\" value=\"VLgFBuTfKjr9x0jOkT2vcJBtkR0TPIRT7a50xbw7FKM=\" \/><div class=\"frm_submit\">\r\n\r\n<button class=\"frm_button_submit\" type=\"submit\"  >Senden<\/button>\r\n\r\n<\/div><\/div>\n<\/fieldset>\n<\/div>\n\n<\/form>\n<\/div>\n","protected":false},"excerpt":{"rendered":"<p>Das Radnetz im S\u00fcdosten von Chemnitz ist sehr d\u00fcnn. Es fehlen funktionale Querverbindungen zwischen den Wohngebieten und Stadtteilen. Insgesamt gibt es viele Gefahrenstellen, welche sich in der gemeinsamen Nutzung von Verkehrsfl\u00e4chen begr\u00fcnden. Bitte unterst\u00fctzen Sie mit der Beantwortung des Fragebogens die Schaffung eines besseren Radwegeangebots. Vielen herzlichen Dank<\/p>\n","protected":false},"author":2,"featured_media":0,"parent":0,"menu_order":0,"comment_status":"closed","ping_status":"closed","template":"","meta":{"footnotes":""},"class_list":["post-310","page","type-page","status-publish","hentry"],"_links":{"self":[{"href":"https:\/\/bpf-suedost.de\/sdb\/wp-json\/wp\/v2\/pages\/310","targetHints":{"allow":["GET"]}}],"collection":[{"href":"https:\/\/bpf-suedost.de\/sdb\/wp-json\/wp\/v2\/pages"}],"about":[{"href":"https:\/\/bpf-suedost.de\/sdb\/wp-json\/wp\/v2\/types\/page"}],"author":[{"embeddable":true,"href":"https:\/\/bpf-suedost.de\/sdb\/wp-json\/wp\/v2\/users\/2"}],"replies":[{"embeddable":true,"href":"https:\/\/bpf-suedost.de\/sdb\/wp-json\/wp\/v2\/comments?post=310"}],"version-history":[{"count":1,"href":"https:\/\/bpf-suedost.de\/sdb\/wp-json\/wp\/v2\/pages\/310\/revisions"}],"predecessor-version":[{"id":311,"href":"https:\/\/bpf-suedost.de\/sdb\/wp-json\/wp\/v2\/pages\/310\/revisions\/311"}],"wp:attachment":[{"href":"https:\/\/bpf-suedost.de\/sdb\/wp-json\/wp\/v2\/media?parent=310"}],"curies":[{"name":"wp","href":"https:\/\/api.w.org\/{rel}","templated":true}]}}